{"id":3,"date":"2025-04-21T16:34:46","date_gmt":"2025-04-21T16:34:46","guid":{"rendered":"https:\/\/luxurels.com\/?page_id=3"},"modified":"2025-07-19T10:10:29","modified_gmt":"2025-07-19T10:10:29","slug":"politique-de-confidentialite","status":"publish","type":"page","link":"https:\/\/luxurels.com\/fr\/privacy-policy\/","title":{"rendered":"Politique de confidentialit\u00e9 de Luxurels"},"content":{"rendered":"<p><strong>Support de plate-forme<\/strong><br>Nom : <strong>Polaris Nexus LLC<\/strong><br>Adresse : 1621 Central Ave, Cheyenne, WY 82001, USA<br>E-mail : <a>info@luxurels.com<\/a><br>Objectif du site web : Plate-forme de rencontres et de contenu \u00e0 forte visibilit\u00e9, ax\u00e9e sur des relations authentiques fond\u00e9es sur les valeurs, l'\u00e9ducation et un style de vie \u00e9lev\u00e9.<\/p>\n\n\n\n<hr class=\"wp-block-separator has-alpha-channel-opacity\"\/>\n\n\n\n<h3 class=\"wp-block-heading\">Protection des donn\u00e9es personnelles<\/h3>\n\n\n\n<p><strong>Responsable du traitement des donn\u00e9es :<\/strong><br>Polaris Nexus LLC<\/p>\n\n\n\n<p><strong>D\u00e9l\u00e9gu\u00e9 \u00e0 la protection des donn\u00e9es (DPD) :<\/strong><br><a>info@luxurels.com<\/a><\/p>\n\n\n\n<p>Nous nous engageons \u00e0 ce que le traitement de vos donn\u00e9es personnelles soit effectu\u00e9 conform\u00e9ment aux principes de l\u00e9galit\u00e9, de loyaut\u00e9, de transparence, de minimisation et de confidentialit\u00e9, dans le respect de la r\u00e9glementation applicable et avec la rigueur \u00e9thique requise par une communaut\u00e9 telle que la n\u00f4tre.<\/p>\n\n\n\n<hr class=\"wp-block-separator has-alpha-channel-opacity\"\/>\n\n\n\n<h3 class=\"wp-block-heading\">2. les virements internationaux<\/h3>\n\n\n\n<p>En utilisant nos services, vous consentez express\u00e9ment au transfert et au traitement de vos informations en dehors de votre pays de r\u00e9sidence, y compris la possibilit\u00e9 qu'elles soient stock\u00e9es et trait\u00e9es sur des serveurs situ\u00e9s aux \u00c9tats-Unis ou dans d'autres juridictions dont les normes de protection des donn\u00e9es peuvent diff\u00e9rer.<\/p>\n\n\n\n<hr class=\"wp-block-separator has-alpha-channel-opacity\"\/>\n\n\n\n<h3 class=\"wp-block-heading\">3. Exercice des droits<\/h3>\n\n\n\n<p>Vous avez le droit de :<\/p>\n\n\n\n<ul class=\"wp-block-list\">\n<li>Acc\u00e8s \u00e0 vos donn\u00e9es personnelles<\/li>\n\n\n\n<li>Les rectifier ou les compl\u00e9ter<\/li>\n\n\n\n<li>Demander sa suppression<\/li>\n\n\n\n<li>Limiter leur traitement<\/li>\n\n\n\n<li>Demander la portabilit\u00e9<\/li>\n\n\n\n<li>S'opposer au traitement<\/li>\n<\/ul>\n\n\n\n<p>Vous pouvez exercer ces droits en \u00e9crivant \u00e0 <strong><a>info@luxurels.com<\/a><\/strong>en joignant une copie d'un document d'identit\u00e9 officiel. Nous nous engageons \u00e0 traiter toutes les demandes dans un d\u00e9lai raisonnable, conform\u00e9ment \u00e0 la r\u00e9glementation en vigueur.<\/p>\n\n\n\n<hr class=\"wp-block-separator has-alpha-channel-opacity\"\/>\n\n\n\n<h3 class=\"wp-block-heading\">4. Conservation des donn\u00e9es<\/h3>\n\n\n\n<ul class=\"wp-block-list\">\n<li><strong>Donn\u00e9es d\u00e9sagr\u00e9g\u00e9es :<\/strong> Elles seront conserv\u00e9es ind\u00e9finiment \u00e0 des fins statistiques.<\/li>\n\n\n\n<li><strong>Abonn\u00e9s au courrier \u00e9lectronique :<\/strong> De l'abonnement au d\u00e9senregistrement volontaire.<\/li>\n\n\n\n<li><strong>Bulletin d'information :<\/strong> Crit\u00e8res identiques aux pr\u00e9c\u00e9dents.<\/li>\n\n\n\n<li><strong>Profils de m\u00e9dias sociaux :<\/strong> Jusqu'\u00e0 la r\u00e9vocation du consentement.<\/li>\n<\/ul>\n\n\n\n<hr class=\"wp-block-separator has-alpha-channel-opacity\"\/>\n\n\n\n<h3 class=\"wp-block-heading\">5. Confidentialit\u00e9 et s\u00e9curit\u00e9<\/h3>\n\n\n\n<p>Polaris Nexus LLC s'engage \u00e0 faire un usage diligent, restreint et s\u00e9curis\u00e9 des informations que vous nous confiez. Nous prenons les mesures techniques et organisationnelles appropri\u00e9es pour pr\u00e9server l'int\u00e9grit\u00e9 des donn\u00e9es personnelles et pour emp\u00eacher tout acc\u00e8s non autoris\u00e9, toute perte ou toute modification non d\u00e9sir\u00e9e.<\/p>\n\n\n\n<hr class=\"wp-block-separator has-alpha-channel-opacity\"\/>\n\n\n\n<h3 class=\"wp-block-heading\">6. Les failles de s\u00e9curit\u00e9<\/h3>\n\n\n\n<p>Nous avons mis en place des syst\u00e8mes actifs de d\u00e9tection et de suivi des incidents. En cas de violation compromettant des donn\u00e9es \u00e0 caract\u00e8re personnel, nous informerons les personnes concern\u00e9es dans les 72 heures suivant la d\u00e9tection.<\/p>\n\n\n\n<hr class=\"wp-block-separator has-alpha-channel-opacity\"\/>\n\n\n\n<h3 class=\"wp-block-heading\">7. Finalit\u00e9 du traitement<\/h3>\n\n\n\n<p>Les donn\u00e9es seront utilis\u00e9es exclusivement pour :<\/p>\n\n\n\n<ul class=\"wp-block-list\">\n<li>G\u00e9rer votre relation avec la plateforme<\/li>\n\n\n\n<li>Envoyer des bulletins d'information si vous avez donn\u00e9 votre accord<\/li>\n\n\n\n<li>Permettre des interactions entre les utilisateurs<\/li>\n\n\n\n<li>R\u00e9pondre aux questions ou aux commentaires<\/li>\n\n\n\n<li>Am\u00e9liorer l'exp\u00e9rience et la s\u00e9curit\u00e9 du site<\/li>\n<\/ul>\n\n\n\n<p>Si vous choisissez de supprimer votre compte ou de r\u00e9voquer votre consentement, nous pouvons conserver certaines donn\u00e9es minimales si cela est n\u00e9cessaire pour des raisons juridiques, de lutte contre la fraude ou pour les int\u00e9r\u00eats l\u00e9gitimes de la plateforme.<\/p>\n\n\n\n<h3 class=\"wp-block-heading\">8. Registre des activit\u00e9s de traitement<\/h3>\n\n\n\n<p><strong>H\u00e9bergement et cryptage :<\/strong><br>Luxurels utilise les protocoles de cryptage SSL\/TLS pour assurer la transmission s\u00e9curis\u00e9e des donn\u00e9es personnelles. Les serveurs utilis\u00e9s par Polaris Nexus LLC sont conformes aux normes de s\u00e9curit\u00e9 internationalement reconnues.<\/p>\n\n\n\n<p><strong>Donn\u00e9es collect\u00e9es sur le site web :<\/strong><br>Les formulaires recueillent le nom, l'adresse \u00e9lectronique, l'adresse IP et toute autre donn\u00e9e fournie volontairement par l'utilisateur. Ces donn\u00e9es sont int\u00e9gr\u00e9es dans des syst\u00e8mes de traitement appartenant \u00e0 Polaris Nexus LLC.<\/p>\n\n\n\n<p><strong>Autres moyens de contact :<\/strong><br>Des donn\u00e9es peuvent \u00e9galement \u00eatre re\u00e7ues par le biais de courriers \u00e9lectroniques, de formulaires de commentaires ou d'enregistrement et de services associ\u00e9s.<\/p>\n\n\n\n<hr class=\"wp-block-separator has-alpha-channel-opacity\"\/>\n\n\n\n<h3 class=\"wp-block-heading\">9. Commentaires, formulaires et inscriptions<\/h3>\n\n\n\n<p><strong>Formulaire de retour d'information :<\/strong><br>Lorsque les utilisateurs commentent des articles, nous recueillons leur nom, leur adresse \u00e9lectronique, leur site web (le cas \u00e9ch\u00e9ant) et leur adresse IP. Ces informations sont utilis\u00e9es pour filtrer les contenus inappropri\u00e9s et garantir l'int\u00e9grit\u00e9 du site.<\/p>\n\n\n\n<p><strong>Enregistrement de l'utilisateur :<\/strong><br>Les donn\u00e9es relatives au profil de l'utilisateur, y compris le nom et l'adresse \u00e9lectronique, sont stock\u00e9es en toute s\u00e9curit\u00e9. Elles sont trait\u00e9es afin de faciliter l'interaction avec les autres membres de la communaut\u00e9.<\/p>\n\n\n\n<p><strong>Abonnement aux bulletins d'information :<\/strong><br>Si vous vous abonnez \u00e0 nos lettres d'information, votre nom et votre adresse \u00e9lectronique seront stock\u00e9s sur nos serveurs et ne seront utilis\u00e9s qu'\u00e0 des fins d'information et ne seront pas transmis \u00e0 des tiers.<\/p>\n\n\n\n<hr class=\"wp-block-separator has-alpha-channel-opacity\"\/>\n\n\n\n<h3 class=\"wp-block-heading\">10. Messagerie et communications<\/h3>\n\n\n\n<p><strong>E-mail :<\/strong><br>Le service de courrier Luxurels est fourni par Gmail (Google Inc.), dont le traitement des donn\u00e9es est conforme aux clauses contractuelles types reconnues par l'UE.<\/p>\n\n\n\n<p><strong>Messagerie instantan\u00e9e :<\/strong><br>Nous ne fournissons pas de service \u00e0 la client\u00e8le via WhatsApp, Telegram ou des canaux similaires, sauf si l'utilisateur en fait la demande expresse par \u00e9crit.<\/p>\n\n\n\n<hr class=\"wp-block-separator has-alpha-channel-opacity\"\/>\n\n\n\n<h3 class=\"wp-block-heading\">11. Contenu int\u00e9gr\u00e9 \u00e0 partir d'autres sites web<\/h3>\n\n\n\n<p>Certains contenus Luxurels (tels que des vid\u00e9os ou des articles) peuvent \u00eatre int\u00e9gr\u00e9s \u00e0 partir de sites externes. Ces plateformes peuvent collecter des donn\u00e9es, utiliser des cookies et vous suivre si vous avez un compte actif chez elles. Nous vous recommandons de consulter les politiques de confidentialit\u00e9 de ces services externes.<\/p>\n\n\n\n<hr class=\"wp-block-separator has-alpha-channel-opacity\"\/>\n\n\n\n<h3 class=\"wp-block-heading\">12. Services compl\u00e9mentaires et conditions particuli\u00e8res<\/h3>\n\n\n\n<p>Certains services offerts par Luxurels peuvent inclure des clauses particuli\u00e8res qui \u00e9tendent cette politique dans des cas sp\u00e9cifiques. Ces conditions doivent \u00eatre pr\u00e9alablement accept\u00e9es par l'utilisateur avant d'utiliser ces services.<\/p>\n\n\n\n<hr class=\"wp-block-separator has-alpha-channel-opacity\"\/>\n\n\n\n<h3 class=\"wp-block-heading\">13. R\u00e9seaux sociaux<\/h3>\n\n\n\n<p><strong>Pr\u00e9sence institutionnelle :<\/strong><br>Luxurels maintient des profils sur les r\u00e9seaux sociaux. Le traitement des donn\u00e9es des followers sera effectu\u00e9 conform\u00e9ment aux possibilit\u00e9s que ces plateformes offrent aux profils d'entreprise.<\/p>\n\n\n\n<p><strong>Exploration de donn\u00e9es :<\/strong><br>En aucun cas les donn\u00e9es des utilisateurs ne seront extraites sans leur consentement explicite.<\/p>\n\n\n\n<p><strong>Assistance :<\/strong><br>Lorsque l'exercice de vos droits doit \u00eatre g\u00e9r\u00e9 depuis le r\u00e9seau social, nous vous conseillerons pour faciliter le processus.<\/p>\n\n\n\n<h3 class=\"wp-block-heading\">14. Sous-traitants en dehors de l'UE<\/h3>\n\n\n\n<p><strong>Stockage et cryptage :<\/strong><br>Polaris Nexus LLC utilise des services de stockage en nuage s\u00e9curis\u00e9s tels que Google Drive, garantissant le cryptage en transit et au repos conform\u00e9ment aux pratiques internationales les plus \u00e9lev\u00e9es.<\/p>\n\n\n\n<p><strong>E-mail :<\/strong><br>Les communications \u00e9lectroniques sont effectu\u00e9es via le service Gmail de Google Inc.<\/p>\n\n\n\n<p><strong>R\u00e9seaux sociaux et services de tiers :<\/strong><br>Luxurels peut utiliser des plateformes telles que YouTube, Facebook, Twitter et Instagram, qui peuvent effectuer des transferts internationaux de donn\u00e9es analytiques, techniques ou marketing. Ces entit\u00e9s ont leurs propres politiques de confidentialit\u00e9, que nous recommandons de consulter individuellement.<\/p>\n\n\n\n<p><strong>Passerelles de paiement :<\/strong><br>Dans le cas de transactions commerciales, les donn\u00e9es ne seront partag\u00e9es qu'avec les organismes de paiement afin d'assurer l'ex\u00e9cution de la transaction. Polaris Nexus LLC ne stocke pas directement les coordonn\u00e9es bancaires de l'utilisateur.<\/p>\n\n\n\n<hr class=\"wp-block-separator has-alpha-channel-opacity\"\/>\n\n\n\n<h3 class=\"wp-block-heading\">15. Consentement et r\u00e9vocation<\/h3>\n\n\n\n<p>L'utilisation de Luxurels implique l'acceptation expresse de cette politique de confidentialit\u00e9. L'utilisateur peut r\u00e9voquer son consentement \u00e0 tout moment, bien que cela n'affecte pas la l\u00e9galit\u00e9 du traitement bas\u00e9 sur le consentement avant son retrait.<\/p>\n\n\n\n<hr class=\"wp-block-separator has-alpha-channel-opacity\"\/>\n\n\n\n<h3 class=\"wp-block-heading\">16. Remarketing<\/h3>\n\n\n\n<p>Luxurels peut installer des cookies de remarketing (tels que Google Ads ou Criteo) dans votre navigateur afin d'afficher des publicit\u00e9s personnalis\u00e9es bas\u00e9es sur les interactions pr\u00e9c\u00e9dentes avec la plateforme. Cette technique est utilis\u00e9e avec parcimonie et exclusivement \u00e0 des fins de fid\u00e9lisation des utilisateurs \u00e0 forte affinit\u00e9. L'utilisateur peut d\u00e9sactiver ces cookies dans son navigateur.<\/p>\n\n\n\n<hr class=\"wp-block-separator has-alpha-channel-opacity\"\/>\n\n\n\n<h3 class=\"wp-block-heading\">17. Utilisation de cookies<\/h3>\n\n\n\n<p><strong>Qu'est-ce qu'un biscuit ?<\/strong><br>Petits fichiers texte qui sont stock\u00e9s sur votre appareil lorsque vous visitez notre site. Ils nous permettent d'analyser les habitudes de navigation, de personnaliser l'exp\u00e9rience et de proposer un contenu en fonction de vos int\u00e9r\u00eats.<\/p>\n\n\n\n<p><strong>Types de cookies utilis\u00e9s :<\/strong><\/p>\n\n\n\n<ul class=\"wp-block-list\">\n<li>Les propres cookies (techniques et fonctionnels)<\/li>\n\n\n\n<li>Cookies de tiers (analyse, publicit\u00e9 et m\u00e9dias sociaux)<\/li>\n\n\n\n<li>Balises web et technologies similaires<\/li>\n<\/ul>\n\n\n\n<p><strong>D\u00e9sactivation des cookies :<\/strong><br>L'utilisateur peut g\u00e9rer ses pr\u00e9f\u00e9rences \u00e0 partir des param\u00e8tres du navigateur. Cependant, certaines fonctionnalit\u00e9s du site peuvent \u00eatre affect\u00e9es n\u00e9gativement si elles sont d\u00e9sactiv\u00e9es.<\/p>\n\n\n\n<hr class=\"wp-block-separator has-alpha-channel-opacity\"\/>\n\n\n\n<h3 class=\"wp-block-heading\">18. Gestion des cookies par le navigateur<\/h3>\n\n\n\n<p>Des instructions sp\u00e9cifiques pour Chrome, Firefox, Safari, Opera, Android, iOS et Windows Phone sont disponibles sur leurs sites officiels respectifs. Luxurels vous recommande de vous familiariser avec ces outils afin de garder le contr\u00f4le sur votre vie priv\u00e9e.<\/p>\n\n\n\n<h3 class=\"wp-block-heading\">19. Cookies de tiers et publicit\u00e9<\/h3>\n\n\n\n<p>Ce site peut h\u00e9berger des cookies provenant de :<\/p>\n\n\n\n<ul class=\"wp-block-list\">\n<li><strong>Google Analytics<\/strong>pour l'analyse statistique du trafic.<\/li>\n\n\n\n<li><strong>R\u00e9seaux d'affiliation<\/strong>comme Amazon ou d'autres partenaires commerciaux, pour enregistrer des r\u00e9f\u00e9rences l\u00e9gitimes.<\/li>\n\n\n\n<li><strong>Plates-formes publicitaires<\/strong>comme Google Ads, qui utilise des cookies comportementaux pour afficher un contenu promotionnel pertinent.<\/li>\n\n\n\n<li><strong>M\u00e9dias sociaux<\/strong>tels que Twitter, Facebook, Pinterest, YouTube, chacun ayant sa propre politique en mati\u00e8re de cookies.<\/li>\n<\/ul>\n\n\n\n<p><strong>Important :<\/strong> L'utilisation de ces cookies ne permet pas d'identifier personnellement l'utilisateur, \u00e0 moins qu'il ne soit connect\u00e9 \u00e0 ces plateformes et qu'il ait donn\u00e9 son consentement explicite.<\/p>\n\n\n\n<hr class=\"wp-block-separator has-alpha-channel-opacity\"\/>\n\n\n\n<h3 class=\"wp-block-heading\">Propri\u00e9t\u00e9 intellectuelle<\/h3>\n\n\n\n<p>Tous les contenus h\u00e9berg\u00e9s sur <strong>luxurels.com<\/strong>Ce site web, y compris les textes, les images, les dessins, les logos, les structures de navigation, les bases de donn\u00e9es et les logiciels, est prot\u00e9g\u00e9 par des droits de propri\u00e9t\u00e9 intellectuelle et industrielle et est la propri\u00e9t\u00e9 de Polaris Nexus LLC ou de ses auteurs respectifs, qui ont autoris\u00e9 son utilisation.<\/p>\n\n\n\n<p><strong>Interdictions :<\/strong><\/p>\n\n\n\n<ul class=\"wp-block-list\">\n<li>Reproduction totale ou partielle sans autorisation \u00e9crite.<\/li>\n\n\n\n<li>Utilisation commerciale non autoris\u00e9e.<\/li>\n\n\n\n<li>L'alt\u00e9ration, l'extraction ou la r\u00e9utilisation du contenu en dehors des limites autoris\u00e9es par la loi.<\/li>\n<\/ul>\n\n\n\n<p>En cas d'infraction, la personne concern\u00e9e peut d\u00e9poser une plainte en envoyant les informations suivantes \u00e0 l'adresse suivante <a>info@luxurels.com<\/a>:<\/p>\n\n\n\n<ol class=\"wp-block-list\">\n<li>Donn\u00e9es personnelles du titulaire des droits ou de son repr\u00e9sentant l\u00e9gal.<\/li>\n\n\n\n<li>Identification du contenu pr\u00e9tendument enfreint.<\/li>\n\n\n\n<li>D\u00e9claration expresse de v\u00e9racit\u00e9 des informations et de prise de responsabilit\u00e9.<\/li>\n<\/ol>\n\n\n\n<hr class=\"wp-block-separator has-alpha-channel-opacity\"\/>\n\n\n\n<h3 class=\"wp-block-heading\">Comp\u00e9tence et droit applicable<\/h3>\n\n\n\n<p>Cette politique est r\u00e9gie par la loi de <strong>\u00c9tats-Unis<\/strong>et, en cas de litige, les parties se soumettent \u00e0 l'appr\u00e9ciation de l'autorit\u00e9 comp\u00e9tente de l'Union europ\u00e9enne. <strong>Tribunaux du Wyoming<\/strong>sauf si la loi les oblige \u00e0 se rendre dans une autre juridiction.<\/p>\n\n\n\n<hr class=\"wp-block-separator has-alpha-channel-opacity\"\/>\n\n\n\n<h3 class=\"wp-block-heading\">22. relations avec l'utilisateur et conditions d'utilisation<\/h3>\n\n\n\n<p>En acc\u00e9dant \u00e0 Luxurels et en l'utilisant, vous acceptez cette politique de confidentialit\u00e9 dans son int\u00e9gralit\u00e9. Toute utilisation ill\u00e9gale, n\u00e9gligente, offensante ou pr\u00e9judiciable aux int\u00e9r\u00eats de Polaris Nexus LLC ou d'une tierce partie sera un motif de restriction d'acc\u00e8s.<\/p>\n\n\n\n<p>C'est strictement interdit :<\/p>\n\n\n\n<ul class=\"wp-block-list\">\n<li>Utiliser le site \u00e0 des fins commerciales non autoris\u00e9es.<\/li>\n\n\n\n<li>endommager ou surcharger l'infrastructure du site.<\/li>\n\n\n\n<li>Partager du contenu offensant, ill\u00e9gal ou portant atteinte aux droits d'autrui.<\/li>\n<\/ul>\n\n\n\n<hr class=\"wp-block-separator has-alpha-channel-opacity\"\/>\n\n\n\n<h3 class=\"wp-block-heading\">23. Liens externes<\/h3>\n\n\n\n<p>Luxurels peut contenir des liens vers des sites tiers. Polaris Nexus LLC n'est pas responsable du contenu, des pratiques ou des politiques de confidentialit\u00e9 de ces plateformes. Nous vous encourageons \u00e0 consulter leurs politiques avant d'interagir avec elles.<\/p>\n\n\n\n<hr class=\"wp-block-separator has-alpha-channel-opacity\"\/>\n\n\n\n<h3 class=\"wp-block-heading\">24. le remarketing et le suivi des annonces<\/h3>\n\n\n\n<p>Nous utilisons des outils de remarketing \u00e0 des fins de rappel publicitaire et de fid\u00e9lisation. Ces pratiques sont bas\u00e9es sur des cookies que vous pouvez d\u00e9sactiver \u00e0 tout moment en configurant les param\u00e8tres de votre navigateur.<\/p>\n\n\n\n<hr class=\"wp-block-separator has-alpha-channel-opacity\"\/>\n\n\n\n<h3 class=\"wp-block-heading\">25. contact institutionnel<\/h3>\n\n\n\n<p>Si vous avez des questions, des commentaires ou si vous souhaitez exercer vos droits concernant vos donn\u00e9es \u00e0 caract\u00e8re personnel, vous pouvez nous \u00e9crire \u00e0 l'adresse suivante :<\/p>\n\n\n\n<p><strong><a>info@luxurels.com<\/a><\/strong><br>Propri\u00e9taire : Polaris Nexus LLC<br>Adresse : 1621 Central Ave, Cheyenne, WY 82001, USA<\/p>\n\n\n\n<hr class=\"wp-block-separator has-alpha-channel-opacity\"\/>\n\n\n\n<h3 class=\"wp-block-heading\">26. l'acceptation et le consentement<\/h3>\n\n\n\n<p>En continuant \u00e0 utiliser nos services, vous reconnaissez avoir lu, compris et accept\u00e9 cette politique de confidentialit\u00e9. Polaris Nexus LLC se r\u00e9serve le droit de la mettre \u00e0 jour \u00e0 tout moment, en informant les utilisateurs des changements pertinents.<\/p>","protected":false},"excerpt":{"rendered":"<p>Nom du titulaire de la plate-forme : Polaris Nexus LLCAddress : 1621 Central Ave, Cheyenne, WY 82001, USAEmail : info@luxurels.comFinalidad du site web : Plateforme de rencontres et de contenus orient\u00e9s ... <a title=\"Politique de confidentialit\u00e9 de Luxurels\" class=\"read-more\" href=\"https:\/\/luxurels.com\/fr\/privacy-policy\/\" aria-label=\"En savoir plus sur Politique de confidentialit\u00e9 de Luxurels\">En savoir plus<\/a><\/p>","protected":false},"author":1,"featured_media":0,"parent":0,"menu_order":0,"comment_status":"closed","ping_status":"open","template":"","meta":{"footnotes":""},"class_list":["post-3","page","type-page","status-publish"],"yoast_head":"<!-- This site is optimized with the Yoast SEO plugin v27.3 - https:\/\/yoast.com\/product\/yoast-seo-wordpress\/ -->\n<title>Pol\u00edtica de Privacidad de Luxurels<\/title>\n<meta name=\"robots\" content=\"index, follow, max-snippet:-1, max-image-preview:large, max-video-preview:-1\" \/>\n<link rel=\"canonical\" href=\"https:\/\/luxurels.com\/fr\/politique-de-confidentialite\/\" \/>\n<meta property=\"og:locale\" content=\"fr_FR\" \/>\n<meta property=\"og:type\" content=\"article\" \/>\n<meta property=\"og:title\" content=\"Pol\u00edtica de Privacidad de Luxurels\" \/>\n<meta property=\"og:description\" content=\"Titular de la PlataformaNombre: Polaris Nexus LLCDirecci\u00f3n: 1621 Central Ave, Cheyenne, WY 82001, EE.UU.Correo electr\u00f3nico: info@luxurels.comFinalidad del sitio web: Plataforma de encuentros y contenidos orientados ... Read more\" \/>\n<meta property=\"og:url\" content=\"https:\/\/luxurels.com\/fr\/politique-de-confidentialite\/\" \/>\n<meta property=\"og:site_name\" content=\"LuxuRels Dating App\" \/>\n<meta property=\"article:modified_time\" content=\"2025-07-19T10:10:29+00:00\" \/>\n<meta name=\"twitter:card\" content=\"summary_large_image\" \/>\n<meta name=\"twitter:label1\" content=\"Dur\u00e9e de lecture estim\u00e9e\" \/>\n\t<meta name=\"twitter:data1\" content=\"9 minutes\" \/>\n<script type=\"application\/ld+json\" class=\"yoast-schema-graph\">{\"@context\":\"https:\\\/\\\/schema.org\",\"@graph\":[{\"@type\":\"WebPage\",\"@id\":\"https:\\\/\\\/luxurels.com\\\/privacy-policy\\\/\",\"url\":\"https:\\\/\\\/luxurels.com\\\/privacy-policy\\\/\",\"name\":\"Pol\u00edtica de Privacidad de Luxurels\",\"isPartOf\":{\"@id\":\"https:\\\/\\\/luxurels.com\\\/#website\"},\"datePublished\":\"2025-04-21T16:34:46+00:00\",\"dateModified\":\"2025-07-19T10:10:29+00:00\",\"breadcrumb\":{\"@id\":\"https:\\\/\\\/luxurels.com\\\/privacy-policy\\\/#breadcrumb\"},\"inLanguage\":\"fr-FR\",\"potentialAction\":[{\"@type\":\"ReadAction\",\"target\":[\"https:\\\/\\\/luxurels.com\\\/privacy-policy\\\/\"]}]},{\"@type\":\"BreadcrumbList\",\"@id\":\"https:\\\/\\\/luxurels.com\\\/privacy-policy\\\/#breadcrumb\",\"itemListElement\":[{\"@type\":\"ListItem\",\"position\":1,\"name\":\"Portada\",\"item\":\"https:\\\/\\\/luxurels.com\\\/\"},{\"@type\":\"ListItem\",\"position\":2,\"name\":\"Pol\u00edtica de Privacidad de Luxurels\"}]},{\"@type\":\"WebSite\",\"@id\":\"https:\\\/\\\/luxurels.com\\\/#website\",\"url\":\"https:\\\/\\\/luxurels.com\\\/\",\"name\":\"LuxuRels Dating App\",\"description\":\"\",\"publisher\":{\"@id\":\"https:\\\/\\\/luxurels.com\\\/#organization\"},\"potentialAction\":[{\"@type\":\"SearchAction\",\"target\":{\"@type\":\"EntryPoint\",\"urlTemplate\":\"https:\\\/\\\/luxurels.com\\\/?s={search_term_string}\"},\"query-input\":{\"@type\":\"PropertyValueSpecification\",\"valueRequired\":true,\"valueName\":\"search_term_string\"}}],\"inLanguage\":\"fr-FR\"},{\"@type\":\"Organization\",\"@id\":\"https:\\\/\\\/luxurels.com\\\/#organization\",\"name\":\"LuxuRels Dating App\",\"url\":\"https:\\\/\\\/luxurels.com\\\/\",\"logo\":{\"@type\":\"ImageObject\",\"inLanguage\":\"fr-FR\",\"@id\":\"https:\\\/\\\/luxurels.com\\\/#\\\/schema\\\/logo\\\/image\\\/\",\"url\":\"https:\\\/\\\/luxurels.com\\\/wp-content\\\/uploads\\\/2025\\\/05\\\/cropped-luxurels3.png\",\"contentUrl\":\"https:\\\/\\\/luxurels.com\\\/wp-content\\\/uploads\\\/2025\\\/05\\\/cropped-luxurels3.png\",\"width\":512,\"height\":512,\"caption\":\"LuxuRels Dating App\"},\"image\":{\"@id\":\"https:\\\/\\\/luxurels.com\\\/#\\\/schema\\\/logo\\\/image\\\/\"}}]}<\/script>\n<!-- \/ Yoast SEO plugin. -->","yoast_head_json":{"title":"Politique de confidentialit\u00e9 de Luxurels","robots":{"index":"index","follow":"follow","max-snippet":"max-snippet:-1","max-image-preview":"max-image-preview:large","max-video-preview":"max-video-preview:-1"},"canonical":"https:\/\/luxurels.com\/fr\/politique-de-confidentialite\/","og_locale":"fr_FR","og_type":"article","og_title":"Pol\u00edtica de Privacidad de Luxurels","og_description":"Titular de la PlataformaNombre: Polaris Nexus LLCDirecci\u00f3n: 1621 Central Ave, Cheyenne, WY 82001, EE.UU.Correo electr\u00f3nico: info@luxurels.comFinalidad del sitio web: Plataforma de encuentros y contenidos orientados ... Read more","og_url":"https:\/\/luxurels.com\/fr\/politique-de-confidentialite\/","og_site_name":"LuxuRels Dating App","article_modified_time":"2025-07-19T10:10:29+00:00","twitter_card":"summary_large_image","twitter_misc":{"Dur\u00e9e de lecture estim\u00e9e":"9 minutes"},"schema":{"@context":"https:\/\/schema.org","@graph":[{"@type":"WebPage","@id":"https:\/\/luxurels.com\/privacy-policy\/","url":"https:\/\/luxurels.com\/privacy-policy\/","name":"Politique de confidentialit\u00e9 de Luxurels","isPartOf":{"@id":"https:\/\/luxurels.com\/#website"},"datePublished":"2025-04-21T16:34:46+00:00","dateModified":"2025-07-19T10:10:29+00:00","breadcrumb":{"@id":"https:\/\/luxurels.com\/privacy-policy\/#breadcrumb"},"inLanguage":"fr-FR","potentialAction":[{"@type":"ReadAction","target":["https:\/\/luxurels.com\/privacy-policy\/"]}]},{"@type":"BreadcrumbList","@id":"https:\/\/luxurels.com\/privacy-policy\/#breadcrumb","itemListElement":[{"@type":"ListItem","position":1,"name":"Portada","item":"https:\/\/luxurels.com\/"},{"@type":"ListItem","position":2,"name":"Pol\u00edtica de Privacidad de Luxurels"}]},{"@type":"WebSite","@id":"https:\/\/luxurels.com\/#website","url":"https:\/\/luxurels.com\/","name":"LuxuRels Dating App","description":"","publisher":{"@id":"https:\/\/luxurels.com\/#organization"},"potentialAction":[{"@type":"SearchAction","target":{"@type":"EntryPoint","urlTemplate":"https:\/\/luxurels.com\/?s={search_term_string}"},"query-input":{"@type":"PropertyValueSpecification","valueRequired":true,"valueName":"search_term_string"}}],"inLanguage":"fr-FR"},{"@type":"Organization","@id":"https:\/\/luxurels.com\/#organization","name":"LuxuRels Dating App","url":"https:\/\/luxurels.com\/","logo":{"@type":"ImageObject","inLanguage":"fr-FR","@id":"https:\/\/luxurels.com\/#\/schema\/logo\/image\/","url":"https:\/\/luxurels.com\/wp-content\/uploads\/2025\/05\/cropped-luxurels3.png","contentUrl":"https:\/\/luxurels.com\/wp-content\/uploads\/2025\/05\/cropped-luxurels3.png","width":512,"height":512,"caption":"LuxuRels Dating App"},"image":{"@id":"https:\/\/luxurels.com\/#\/schema\/logo\/image\/"}}]}},"_links":{"self":[{"href":"https:\/\/luxurels.com\/fr\/wp-json\/wp\/v2\/pages\/3","targetHints":{"allow":["GET"]}}],"collection":[{"href":"https:\/\/luxurels.com\/fr\/wp-json\/wp\/v2\/pages"}],"about":[{"href":"https:\/\/luxurels.com\/fr\/wp-json\/wp\/v2\/types\/page"}],"author":[{"embeddable":true,"href":"https:\/\/luxurels.com\/fr\/wp-json\/wp\/v2\/users\/1"}],"replies":[{"embeddable":true,"href":"https:\/\/luxurels.com\/fr\/wp-json\/wp\/v2\/comments?post=3"}],"version-history":[{"count":1,"href":"https:\/\/luxurels.com\/fr\/wp-json\/wp\/v2\/pages\/3\/revisions"}],"predecessor-version":[{"id":1357,"href":"https:\/\/luxurels.com\/fr\/wp-json\/wp\/v2\/pages\/3\/revisions\/1357"}],"wp:attachment":[{"href":"https:\/\/luxurels.com\/fr\/wp-json\/wp\/v2\/media?parent=3"}],"curies":[{"name":"wp","href":"https:\/\/api.w.org\/{rel}","templated":true}]}}