{"id":3,"date":"2025-04-21T16:34:46","date_gmt":"2025-04-21T16:34:46","guid":{"rendered":"https:\/\/luxurels.com\/?page_id=3"},"modified":"2025-07-19T10:10:29","modified_gmt":"2025-07-19T10:10:29","slug":"politica-de-privacidade","status":"publish","type":"page","link":"https:\/\/luxurels.com\/pt\/privacy-policy\/","title":{"rendered":"Pol\u00edtica de privacidade da Luxurels"},"content":{"rendered":"<p><strong>Suporte de plataforma<\/strong><br>Nome: <strong>Polaris Nexus LLC<\/strong><br>Endere\u00e7o: 1621 Central Ave, Cheyenne, WY 82001, EUA<br>E-mail: <a>info@luxurels.com<\/a><br>Objetivo do site: Plataforma para namoro e conte\u00fado voltado para pessoas de alto n\u00edvel, com foco em relacionamentos aut\u00eanticos baseados em valores, educa\u00e7\u00e3o e estilo de vida elevado.<\/p>\n\n\n\n<hr class=\"wp-block-separator has-alpha-channel-opacity\"\/>\n\n\n\n<h3 class=\"wp-block-heading\">Prote\u00e7\u00e3o de dados pessoais<\/h3>\n\n\n\n<p><strong>Controlador de dados:<\/strong><br>Polaris Nexus LLC<\/p>\n\n\n\n<p><strong>Delegado de Prote\u00e7\u00e3o de Dados (DPD):<\/strong><br><a>info@luxurels.com<\/a><\/p>\n\n\n\n<p>Comprometemo-nos que o processamento de seus dados pessoais ser\u00e1 realizado de acordo com os princ\u00edpios de legalidade, lealdade, transpar\u00eancia, minimiza\u00e7\u00e3o e confidencialidade, em conformidade com os regulamentos aplic\u00e1veis e com o rigor \u00e9tico exigido por uma comunidade como a nossa.<\/p>\n\n\n\n<hr class=\"wp-block-separator has-alpha-channel-opacity\"\/>\n\n\n\n<h3 class=\"wp-block-heading\">2. transfer\u00eancias internacionais<\/h3>\n\n\n\n<p>O Luxurels faz parte de uma rede digital operada internacionalmente pela Polaris Nexus LLC, com sede nos EUA. Ao usar nossos servi\u00e7os, voc\u00ea consente expressamente com a transfer\u00eancia e o processamento de suas informa\u00e7\u00f5es fora de seu pa\u00eds de resid\u00eancia, incluindo a possibilidade de que elas sejam armazenadas e processadas em servidores localizados nos EUA ou em outras jurisdi\u00e7\u00f5es cujos padr\u00f5es de prote\u00e7\u00e3o de dados possam ser diferentes.<\/p>\n\n\n\n<hr class=\"wp-block-separator has-alpha-channel-opacity\"\/>\n\n\n\n<h3 class=\"wp-block-heading\">3. Exerc\u00edcio de direitos<\/h3>\n\n\n\n<p>Voc\u00ea tem o direito de:<\/p>\n\n\n\n<ul class=\"wp-block-list\">\n<li>Acesso a seus dados pessoais<\/li>\n\n\n\n<li>Retificar ou completar<\/li>\n\n\n\n<li>Solicitar sua exclus\u00e3o<\/li>\n\n\n\n<li>Limitar seu tratamento<\/li>\n\n\n\n<li>Solicita\u00e7\u00e3o de portabilidade<\/li>\n\n\n\n<li>Opor-se ao tratamento<\/li>\n<\/ul>\n\n\n\n<p>Voc\u00ea pode exercer esses direitos escrevendo para: <strong><a>info@luxurels.com<\/a><\/strong>anexando uma c\u00f3pia de um documento de identidade oficial. Comprometemo-nos a atender a todas as solicita\u00e7\u00f5es em um prazo razo\u00e1vel, de acordo com as normas em vigor.<\/p>\n\n\n\n<hr class=\"wp-block-separator has-alpha-channel-opacity\"\/>\n\n\n\n<h3 class=\"wp-block-heading\">4. Reten\u00e7\u00e3o de dados<\/h3>\n\n\n\n<ul class=\"wp-block-list\">\n<li><strong>Dados desagregados:<\/strong> Eles ser\u00e3o mantidos indefinidamente para fins estat\u00edsticos.<\/li>\n\n\n\n<li><strong>Assinantes de e-mail:<\/strong> Da assinatura ao cancelamento volunt\u00e1rio do registro.<\/li>\n\n\n\n<li><strong>Boletim informativo:<\/strong> Crit\u00e9rios id\u00eanticos aos anteriores.<\/li>\n\n\n\n<li><strong>Perfis de m\u00eddia social:<\/strong> At\u00e9 a revoga\u00e7\u00e3o do consentimento.<\/li>\n<\/ul>\n\n\n\n<hr class=\"wp-block-separator has-alpha-channel-opacity\"\/>\n\n\n\n<h3 class=\"wp-block-heading\">5. Confidencialidade e seguran\u00e7a<\/h3>\n\n\n\n<p>A Polaris Nexus LLC est\u00e1 comprometida com o uso diligente, restrito e seguro das informa\u00e7\u00f5es que voc\u00ea nos confia. Tomamos medidas t\u00e9cnicas e organizacionais apropriadas para preservar a integridade dos dados pessoais e para evitar acesso n\u00e3o autorizado, perda ou modifica\u00e7\u00e3o indesejada.<\/p>\n\n\n\n<hr class=\"wp-block-separator has-alpha-channel-opacity\"\/>\n\n\n\n<h3 class=\"wp-block-heading\">6. Viola\u00e7\u00f5es de seguran\u00e7a<\/h3>\n\n\n\n<p>Temos sistemas ativos de detec\u00e7\u00e3o e monitoramento de incidentes. No caso de uma viola\u00e7\u00e3o que comprometa dados pessoais, notificaremos as pessoas afetadas em at\u00e9 72 horas ap\u00f3s a detec\u00e7\u00e3o.<\/p>\n\n\n\n<hr class=\"wp-block-separator has-alpha-channel-opacity\"\/>\n\n\n\n<h3 class=\"wp-block-heading\">7. Objetivo do processamento<\/h3>\n\n\n\n<p>Os dados ser\u00e3o usados exclusivamente para:<\/p>\n\n\n\n<ul class=\"wp-block-list\">\n<li>Gerencie seu relacionamento com a plataforma<\/li>\n\n\n\n<li>Enviar boletins informativos se voc\u00ea tiver dado seu consentimento<\/li>\n\n\n\n<li>Permitir intera\u00e7\u00f5es entre usu\u00e1rios<\/li>\n\n\n\n<li>Responder a consultas ou coment\u00e1rios<\/li>\n\n\n\n<li>Melhorar a experi\u00eancia e a seguran\u00e7a do site<\/li>\n<\/ul>\n\n\n\n<p>Se voc\u00ea optar por excluir sua conta ou revogar seu consentimento, poderemos reter alguns dados m\u00ednimos, quando necess\u00e1rio, para fins legais, antifraude ou interesses leg\u00edtimos da plataforma.<\/p>\n\n\n\n<h3 class=\"wp-block-heading\">8. Registro de atividades de processamento<\/h3>\n\n\n\n<p><strong>Hospedagem e criptografia:<\/strong><br>A Luxurels usa protocolos de criptografia SSL\/TLS para garantir a transmiss\u00e3o segura de dados pessoais. Os servidores usados pela Polaris Nexus LLC est\u00e3o em conformidade com os padr\u00f5es de seguran\u00e7a reconhecidos internacionalmente.<\/p>\n\n\n\n<p><strong>Dados coletados no site:<\/strong><br>Os formul\u00e1rios coletam nome, endere\u00e7o de e-mail, endere\u00e7o IP e quaisquer dados fornecidos voluntariamente pelo usu\u00e1rio. Esses dados s\u00e3o incorporados aos sistemas de processamento de propriedade da Polaris Nexus LLC.<\/p>\n\n\n\n<p><strong>Meios adicionais de contato:<\/strong><br>Os dados tamb\u00e9m podem ser recebidos por e-mail, coment\u00e1rios ou formul\u00e1rios de registro e servi\u00e7os associados.<\/p>\n\n\n\n<hr class=\"wp-block-separator has-alpha-channel-opacity\"\/>\n\n\n\n<h3 class=\"wp-block-heading\">9. Coment\u00e1rios, formul\u00e1rios e registro<\/h3>\n\n\n\n<p><strong>Formul\u00e1rio de feedback:<\/strong><br>Quando os usu\u00e1rios comentam as postagens, coletamos seu nome, endere\u00e7o de e-mail, site (se fornecido) e endere\u00e7o IP. Essas informa\u00e7\u00f5es s\u00e3o usadas para filtrar conte\u00fado inadequado e garantir a integridade do site.<\/p>\n\n\n\n<p><strong>Registro de usu\u00e1rio:<\/strong><br>Os dados do perfil do usu\u00e1rio, incluindo nome e endere\u00e7o de e-mail, s\u00e3o armazenados de forma segura. Eles s\u00e3o processados para facilitar a intera\u00e7\u00e3o com outros membros da comunidade.<\/p>\n\n\n\n<p><strong>Assinatura de boletins informativos:<\/strong><br>Se voc\u00ea assinar nossos boletins informativos, seu nome e endere\u00e7o de e-mail ser\u00e3o armazenados em nossos servidores e ser\u00e3o usados apenas para fins informativos e n\u00e3o ser\u00e3o repassados a terceiros.<\/p>\n\n\n\n<hr class=\"wp-block-separator has-alpha-channel-opacity\"\/>\n\n\n\n<h3 class=\"wp-block-heading\">10. Mensagens e comunica\u00e7\u00f5es<\/h3>\n\n\n\n<p><strong>E-mail:<\/strong><br>O servi\u00e7o de correio eletr\u00f4nico da Luxurels \u00e9 fornecido pelo Gmail (Google Inc.), cujo processamento de dados est\u00e1 em conformidade com as cl\u00e1usulas contratuais padr\u00e3o reconhecidas pela UE.<\/p>\n\n\n\n<p><strong>Mensagens instant\u00e2neas:<\/strong><br>N\u00e3o fornecemos atendimento ao cliente via WhatsApp, Telegram ou canais semelhantes, a menos que expressamente solicitado por escrito pelo usu\u00e1rio.<\/p>\n\n\n\n<hr class=\"wp-block-separator has-alpha-channel-opacity\"\/>\n\n\n\n<h3 class=\"wp-block-heading\">11. Conte\u00fado incorporado de outros sites<\/h3>\n\n\n\n<p>Alguns conte\u00fados do Luxurels (como v\u00eddeos ou artigos) podem ser incorporados a partir de sites externos. Essas plataformas podem coletar dados, usar cookies e rastre\u00e1-lo se voc\u00ea tiver uma conta ativa com elas. Recomendamos que voc\u00ea analise as pol\u00edticas de privacidade desses servi\u00e7os externos.<\/p>\n\n\n\n<hr class=\"wp-block-separator has-alpha-channel-opacity\"\/>\n\n\n\n<h3 class=\"wp-block-heading\">12. Servi\u00e7os adicionais e condi\u00e7\u00f5es especiais<\/h3>\n\n\n\n<p>Alguns servi\u00e7os oferecidos pela Luxurels podem incluir cl\u00e1usulas particulares que estender\u00e3o esta pol\u00edtica em casos espec\u00edficos. Essas condi\u00e7\u00f5es devem ser previamente aceitas pelo usu\u00e1rio antes de utilizar tais servi\u00e7os.<\/p>\n\n\n\n<hr class=\"wp-block-separator has-alpha-channel-opacity\"\/>\n\n\n\n<h3 class=\"wp-block-heading\">13. Redes sociais<\/h3>\n\n\n\n<p><strong>Presen\u00e7a institucional:<\/strong><br>A Luxurels mant\u00e9m perfis em redes sociais. O tratamento dos dados dos seguidores ser\u00e1 realizado de acordo com as possibilidades que essas plataformas permitem aos perfis corporativos.<\/p>\n\n\n\n<p><strong>Minera\u00e7\u00e3o de dados:<\/strong><br>Em nenhuma circunst\u00e2ncia os dados do usu\u00e1rio ser\u00e3o extra\u00eddos sem o seu consentimento expresso.<\/p>\n\n\n\n<p><strong>Assist\u00eancia:<\/strong><br>Quando o exerc\u00edcio de seus direitos precisar ser gerenciado a partir da rede social, n\u00f3s o aconselharemos para facilitar o processo.<\/p>\n\n\n\n<h3 class=\"wp-block-heading\">14. Processadores fora da UE<\/h3>\n\n\n\n<p><strong>Armazenamento e criptografia:<\/strong><br>A Polaris Nexus LLC usa servi\u00e7os seguros de armazenamento em nuvem, como o Google Drive, garantindo a criptografia em tr\u00e2nsito e em repouso, de acordo com as mais altas pr\u00e1ticas internacionais.<\/p>\n\n\n\n<p><strong>E-mail:<\/strong><br>As comunica\u00e7\u00f5es eletr\u00f4nicas s\u00e3o realizadas por meio do servi\u00e7o Gmail da Google Inc.<\/p>\n\n\n\n<p><strong>Redes sociais e servi\u00e7os de terceiros:<\/strong><br>A Luxurels pode usar plataformas como YouTube, Facebook, Twitter e Instagram, que podem fazer transfer\u00eancias internacionais de dados anal\u00edticos, t\u00e9cnicos ou de marketing. Essas entidades t\u00eam suas pr\u00f3prias pol\u00edticas de privacidade, que recomendamos consultar individualmente.<\/p>\n\n\n\n<p><strong>Gateways de pagamento:<\/strong><br>No caso de transa\u00e7\u00f5es comerciais, os dados ser\u00e3o compartilhados apenas com os processadores de pagamento para garantir o cumprimento da transa\u00e7\u00e3o. A Polaris Nexus LLC n\u00e3o armazena diretamente os dados banc\u00e1rios do usu\u00e1rio.<\/p>\n\n\n\n<hr class=\"wp-block-separator has-alpha-channel-opacity\"\/>\n\n\n\n<h3 class=\"wp-block-heading\">15. Consentimento e revoga\u00e7\u00e3o<\/h3>\n\n\n\n<p>O uso do Luxurels implica a aceita\u00e7\u00e3o expressa desta Pol\u00edtica de Privacidade. O usu\u00e1rio pode revogar seu consentimento a qualquer momento, embora isso n\u00e3o afete a legalidade do processamento com base no consentimento anterior \u00e0 sua retirada.<\/p>\n\n\n\n<hr class=\"wp-block-separator has-alpha-channel-opacity\"\/>\n\n\n\n<h3 class=\"wp-block-heading\">16. Remarketing<\/h3>\n\n\n\n<p>A Luxurels pode instalar cookies de remarketing (como o Google Ads ou o Criteo) em seu navegador para exibir publicidade personalizada com base em intera\u00e7\u00f5es anteriores com a plataforma. Essa t\u00e9cnica \u00e9 usada com modera\u00e7\u00e3o e exclusivamente para fins de reten\u00e7\u00e3o de usu\u00e1rios de alta afinidade. O usu\u00e1rio pode desativar esses cookies em seu navegador.<\/p>\n\n\n\n<hr class=\"wp-block-separator has-alpha-channel-opacity\"\/>\n\n\n\n<h3 class=\"wp-block-heading\">17. Uso de cookies<\/h3>\n\n\n\n<p><strong>O que s\u00e3o cookies?<\/strong><br>Pequenos arquivos de texto que s\u00e3o armazenados em seu dispositivo quando voc\u00ea visita nosso site. Eles nos permitem analisar os h\u00e1bitos de navega\u00e7\u00e3o, personalizar a experi\u00eancia e oferecer conte\u00fado de acordo com seus interesses.<\/p>\n\n\n\n<p><strong>Tipos de cookies usados:<\/strong><\/p>\n\n\n\n<ul class=\"wp-block-list\">\n<li>Cookies pr\u00f3prios (t\u00e9cnicos e funcionais)<\/li>\n\n\n\n<li>Cookies de terceiros (cookies anal\u00edticos, de publicidade e de redes sociais).<\/li>\n\n\n\n<li>Web beacons e tecnologias semelhantes<\/li>\n<\/ul>\n\n\n\n<p><strong>Desativar cookies:<\/strong><br>O usu\u00e1rio pode gerenciar suas prefer\u00eancias nas configura\u00e7\u00f5es do navegador. No entanto, algumas funcionalidades do site podem ser afetadas negativamente se elas forem desativadas.<\/p>\n\n\n\n<hr class=\"wp-block-separator has-alpha-channel-opacity\"\/>\n\n\n\n<h3 class=\"wp-block-heading\">18. Gerenciamento de cookies pelo navegador<\/h3>\n\n\n\n<p>Instru\u00e7\u00f5es espec\u00edficas para Chrome, Firefox, Safari, Opera, Android, iOS e Windows Phone est\u00e3o dispon\u00edveis em seus respectivos sites oficiais. A Luxurels recomenda que voc\u00ea se familiarize com essas ferramentas para manter o controle sobre sua privacidade.<\/p>\n\n\n\n<h3 class=\"wp-block-heading\">19. Cookies e publicidade de terceiros<\/h3>\n\n\n\n<p>Este site pode hospedar cookies de:<\/p>\n\n\n\n<ul class=\"wp-block-list\">\n<li><strong>Google Analytics<\/strong>para an\u00e1lise estat\u00edstica de tr\u00e1fego.<\/li>\n\n\n\n<li><strong>Redes de afiliados<\/strong>como a Amazon ou outros parceiros comerciais, para registrar indica\u00e7\u00f5es leg\u00edtimas.<\/li>\n\n\n\n<li><strong>Plataformas de publicidade<\/strong>como o Google Ads, que usa cookies comportamentais para exibir conte\u00fado promocional relevante.<\/li>\n\n\n\n<li><strong>M\u00eddia social<\/strong>como Twitter, Facebook, Pinterest, YouTube, cada um com suas pr\u00f3prias pol\u00edticas de cookies.<\/li>\n<\/ul>\n\n\n\n<p><strong>Importante:<\/strong> O uso desses cookies n\u00e3o permite que o usu\u00e1rio seja identificado pessoalmente, a menos que o usu\u00e1rio esteja conectado a essas plataformas e tenha dado consentimento expl\u00edcito.<\/p>\n\n\n\n<hr class=\"wp-block-separator has-alpha-channel-opacity\"\/>\n\n\n\n<h3 class=\"wp-block-heading\">Propriedade intelectual<\/h3>\n\n\n\n<p>Todo o conte\u00fado hospedado em <strong>luxurels.com<\/strong>Este site, incluindo texto, imagens, designs, logotipos, estruturas de navega\u00e7\u00e3o, bancos de dados e software, \u00e9 protegido por direitos de propriedade intelectual e industrial e \u00e9 propriedade da Polaris Nexus LLC ou de seus respectivos autores, que autorizaram seu uso.<\/p>\n\n\n\n<p><strong>Proibi\u00e7\u00f5es:<\/strong><\/p>\n\n\n\n<ul class=\"wp-block-list\">\n<li>Reprodu\u00e7\u00e3o total ou parcial sem permiss\u00e3o por escrito.<\/li>\n\n\n\n<li>Uso comercial n\u00e3o autorizado.<\/li>\n\n\n\n<li>Altera\u00e7\u00e3o, extra\u00e7\u00e3o ou reutiliza\u00e7\u00e3o de conte\u00fado fora dos limites permitidos por lei.<\/li>\n<\/ul>\n\n\n\n<p>No caso de uma infra\u00e7\u00e3o, a pessoa em quest\u00e3o pode apresentar uma reclama\u00e7\u00e3o enviando as seguintes informa\u00e7\u00f5es para <a>info@luxurels.com<\/a>:<\/p>\n\n\n\n<ol class=\"wp-block-list\">\n<li>Dados pessoais do titular dos direitos ou de seu representante legal.<\/li>\n\n\n\n<li>Identifica\u00e7\u00e3o do conte\u00fado supostamente violado.<\/li>\n\n\n\n<li>Declara\u00e7\u00e3o expressa de veracidade das informa\u00e7\u00f5es e assun\u00e7\u00e3o de responsabilidade.<\/li>\n<\/ol>\n\n\n\n<hr class=\"wp-block-separator has-alpha-channel-opacity\"\/>\n\n\n\n<h3 class=\"wp-block-heading\">Jurisdi\u00e7\u00e3o e lei aplic\u00e1vel<\/h3>\n\n\n\n<p>Esta pol\u00edtica \u00e9 regida pela lei de <strong>Estados Unidos<\/strong>e, em caso de lit\u00edgio, as partes dever\u00e3o submeter-se ao <strong>Tribunais do Wyoming<\/strong>a menos que sejam obrigados por lei a comparecer a outra jurisdi\u00e7\u00e3o.<\/p>\n\n\n\n<hr class=\"wp-block-separator has-alpha-channel-opacity\"\/>\n\n\n\n<h3 class=\"wp-block-heading\">22. relacionamento com o usu\u00e1rio e termos de uso<\/h3>\n\n\n\n<p>Ao acessar e usar o Luxurels, voc\u00ea concorda com esta Pol\u00edtica de Privacidade em sua totalidade. Qualquer uso que seja ilegal, negligente, ofensivo ou prejudicial aos interesses da Polaris Nexus LLC ou de terceiros ser\u00e1 motivo para restringir o acesso.<\/p>\n\n\n\n<p>Isso \u00e9 estritamente proibido:<\/p>\n\n\n\n<ul class=\"wp-block-list\">\n<li>Usar o site para fins comerciais n\u00e3o autorizados.<\/li>\n\n\n\n<li>Danificar ou sobrecarregar a infraestrutura do site.<\/li>\n\n\n\n<li>Compartilhar conte\u00fado ofensivo, ilegal ou que infrinja os direitos de terceiros.<\/li>\n<\/ul>\n\n\n\n<hr class=\"wp-block-separator has-alpha-channel-opacity\"\/>\n\n\n\n<h3 class=\"wp-block-heading\">23. Links externos<\/h3>\n\n\n\n<p>O Luxurels pode conter links para sites de terceiros. A Polaris Nexus LLC n\u00e3o \u00e9 respons\u00e1vel pelo conte\u00fado, pelas pr\u00e1ticas ou pelas pol\u00edticas de privacidade de tais plataformas. Recomendamos que voc\u00ea analise as pol\u00edticas dessas plataformas antes de interagir com elas.<\/p>\n\n\n\n<hr class=\"wp-block-separator has-alpha-channel-opacity\"\/>\n\n\n\n<h3 class=\"wp-block-heading\">24. remarketing e rastreamento de an\u00fancios<\/h3>\n\n\n\n<p>Usamos ferramentas de remarketing para fins de recall de publicidade e fidelidade. Essas pr\u00e1ticas s\u00e3o baseadas em cookies que podem ser desativados a qualquer momento nas configura\u00e7\u00f5es do seu navegador.<\/p>\n\n\n\n<hr class=\"wp-block-separator has-alpha-channel-opacity\"\/>\n\n\n\n<h3 class=\"wp-block-heading\">25. contato institucional<\/h3>\n\n\n\n<p>Se tiver alguma d\u00favida, coment\u00e1rio ou quiser exercer seus direitos em rela\u00e7\u00e3o aos seus dados pessoais, escreva para n\u00f3s no endere\u00e7o<\/p>\n\n\n\n<p><strong><a>info@luxurels.com<\/a><\/strong><br>Propriet\u00e1rio: Polaris Nexus LLC<br>Endere\u00e7o: 1621 Central Ave, Cheyenne, WY 82001, EUA<\/p>\n\n\n\n<hr class=\"wp-block-separator has-alpha-channel-opacity\"\/>\n\n\n\n<h3 class=\"wp-block-heading\">26. aceita\u00e7\u00e3o e consentimento<\/h3>\n\n\n\n<p>Ao continuar a usar nossos servi\u00e7os, voc\u00ea reconhece que leu, entendeu e concorda com esta Pol\u00edtica de Privacidade. A Polaris Nexus LLC reserva-se o direito de atualiz\u00e1-la a qualquer momento, notificando os usu\u00e1rios sobre as altera\u00e7\u00f5es relevantes.<\/p>","protected":false},"excerpt":{"rendered":"<p>Platform HolderName: Polaris Nexus LLCAddress: 1621 Central Ave, Cheyenne, WY 82001, USAEmail: info@luxurels.comFinalidad do site: Plataforma para reuni\u00f5es e conte\u00fado orientado ... <a title=\"Pol\u00edtica de privacidade da Luxurels\" class=\"read-more\" href=\"https:\/\/luxurels.com\/pt\/privacy-policy\/\" aria-label=\"Leia mais sobre a Pol\u00edtica de Privacidade da Luxurels\">Leia mais<\/a><\/p>","protected":false},"author":1,"featured_media":0,"parent":0,"menu_order":0,"comment_status":"closed","ping_status":"open","template":"","meta":{"footnotes":""},"class_list":["post-3","page","type-page","status-publish"],"yoast_head":"<!-- This site is optimized with the Yoast SEO plugin v27.3 - https:\/\/yoast.com\/product\/yoast-seo-wordpress\/ -->\n<title>Pol\u00edtica de Privacidad de Luxurels<\/title>\n<meta name=\"robots\" content=\"index, follow, max-snippet:-1, max-image-preview:large, max-video-preview:-1\" \/>\n<link rel=\"canonical\" href=\"https:\/\/luxurels.com\/pt\/politica-de-privacidade\/\" \/>\n<meta property=\"og:locale\" content=\"pt_BR\" \/>\n<meta property=\"og:type\" content=\"article\" \/>\n<meta property=\"og:title\" content=\"Pol\u00edtica de Privacidad de Luxurels\" \/>\n<meta property=\"og:description\" content=\"Titular de la PlataformaNombre: Polaris Nexus LLCDirecci\u00f3n: 1621 Central Ave, Cheyenne, WY 82001, EE.UU.Correo electr\u00f3nico: info@luxurels.comFinalidad del sitio web: Plataforma de encuentros y contenidos orientados ... Read more\" \/>\n<meta property=\"og:url\" content=\"https:\/\/luxurels.com\/pt\/politica-de-privacidade\/\" \/>\n<meta property=\"og:site_name\" content=\"LuxuRels Dating App\" \/>\n<meta property=\"article:modified_time\" content=\"2025-07-19T10:10:29+00:00\" \/>\n<meta name=\"twitter:card\" content=\"summary_large_image\" \/>\n<meta name=\"twitter:label1\" content=\"Est. tempo de leitura\" \/>\n\t<meta name=\"twitter:data1\" content=\"9 minutos\" \/>\n<script type=\"application\/ld+json\" class=\"yoast-schema-graph\">{\"@context\":\"https:\\\/\\\/schema.org\",\"@graph\":[{\"@type\":\"WebPage\",\"@id\":\"https:\\\/\\\/luxurels.com\\\/privacy-policy\\\/\",\"url\":\"https:\\\/\\\/luxurels.com\\\/privacy-policy\\\/\",\"name\":\"Pol\u00edtica de Privacidad de Luxurels\",\"isPartOf\":{\"@id\":\"https:\\\/\\\/luxurels.com\\\/#website\"},\"datePublished\":\"2025-04-21T16:34:46+00:00\",\"dateModified\":\"2025-07-19T10:10:29+00:00\",\"breadcrumb\":{\"@id\":\"https:\\\/\\\/luxurels.com\\\/privacy-policy\\\/#breadcrumb\"},\"inLanguage\":\"pt-BR\",\"potentialAction\":[{\"@type\":\"ReadAction\",\"target\":[\"https:\\\/\\\/luxurels.com\\\/privacy-policy\\\/\"]}]},{\"@type\":\"BreadcrumbList\",\"@id\":\"https:\\\/\\\/luxurels.com\\\/privacy-policy\\\/#breadcrumb\",\"itemListElement\":[{\"@type\":\"ListItem\",\"position\":1,\"name\":\"Portada\",\"item\":\"https:\\\/\\\/luxurels.com\\\/\"},{\"@type\":\"ListItem\",\"position\":2,\"name\":\"Pol\u00edtica de Privacidad de Luxurels\"}]},{\"@type\":\"WebSite\",\"@id\":\"https:\\\/\\\/luxurels.com\\\/#website\",\"url\":\"https:\\\/\\\/luxurels.com\\\/\",\"name\":\"LuxuRels Dating App\",\"description\":\"\",\"publisher\":{\"@id\":\"https:\\\/\\\/luxurels.com\\\/#organization\"},\"potentialAction\":[{\"@type\":\"SearchAction\",\"target\":{\"@type\":\"EntryPoint\",\"urlTemplate\":\"https:\\\/\\\/luxurels.com\\\/?s={search_term_string}\"},\"query-input\":{\"@type\":\"PropertyValueSpecification\",\"valueRequired\":true,\"valueName\":\"search_term_string\"}}],\"inLanguage\":\"pt-BR\"},{\"@type\":\"Organization\",\"@id\":\"https:\\\/\\\/luxurels.com\\\/#organization\",\"name\":\"LuxuRels Dating App\",\"url\":\"https:\\\/\\\/luxurels.com\\\/\",\"logo\":{\"@type\":\"ImageObject\",\"inLanguage\":\"pt-BR\",\"@id\":\"https:\\\/\\\/luxurels.com\\\/#\\\/schema\\\/logo\\\/image\\\/\",\"url\":\"https:\\\/\\\/luxurels.com\\\/wp-content\\\/uploads\\\/2025\\\/05\\\/cropped-luxurels3.png\",\"contentUrl\":\"https:\\\/\\\/luxurels.com\\\/wp-content\\\/uploads\\\/2025\\\/05\\\/cropped-luxurels3.png\",\"width\":512,\"height\":512,\"caption\":\"LuxuRels Dating App\"},\"image\":{\"@id\":\"https:\\\/\\\/luxurels.com\\\/#\\\/schema\\\/logo\\\/image\\\/\"}}]}<\/script>\n<!-- \/ Yoast SEO plugin. -->","yoast_head_json":{"title":"Pol\u00edtica de privacidade da Luxurels","robots":{"index":"index","follow":"follow","max-snippet":"max-snippet:-1","max-image-preview":"max-image-preview:large","max-video-preview":"max-video-preview:-1"},"canonical":"https:\/\/luxurels.com\/pt\/politica-de-privacidade\/","og_locale":"pt_BR","og_type":"article","og_title":"Pol\u00edtica de Privacidad de Luxurels","og_description":"Titular de la PlataformaNombre: Polaris Nexus LLCDirecci\u00f3n: 1621 Central Ave, Cheyenne, WY 82001, EE.UU.Correo electr\u00f3nico: info@luxurels.comFinalidad del sitio web: Plataforma de encuentros y contenidos orientados ... Read more","og_url":"https:\/\/luxurels.com\/pt\/politica-de-privacidade\/","og_site_name":"LuxuRels Dating App","article_modified_time":"2025-07-19T10:10:29+00:00","twitter_card":"summary_large_image","twitter_misc":{"Est. tempo de leitura":"9 minutos"},"schema":{"@context":"https:\/\/schema.org","@graph":[{"@type":"WebPage","@id":"https:\/\/luxurels.com\/privacy-policy\/","url":"https:\/\/luxurels.com\/privacy-policy\/","name":"Pol\u00edtica de privacidade da Luxurels","isPartOf":{"@id":"https:\/\/luxurels.com\/#website"},"datePublished":"2025-04-21T16:34:46+00:00","dateModified":"2025-07-19T10:10:29+00:00","breadcrumb":{"@id":"https:\/\/luxurels.com\/privacy-policy\/#breadcrumb"},"inLanguage":"pt-BR","potentialAction":[{"@type":"ReadAction","target":["https:\/\/luxurels.com\/privacy-policy\/"]}]},{"@type":"BreadcrumbList","@id":"https:\/\/luxurels.com\/privacy-policy\/#breadcrumb","itemListElement":[{"@type":"ListItem","position":1,"name":"Portada","item":"https:\/\/luxurels.com\/"},{"@type":"ListItem","position":2,"name":"Pol\u00edtica de Privacidad de Luxurels"}]},{"@type":"WebSite","@id":"https:\/\/luxurels.com\/#website","url":"https:\/\/luxurels.com\/","name":"Aplicativo de namoro LuxuRels","description":"","publisher":{"@id":"https:\/\/luxurels.com\/#organization"},"potentialAction":[{"@type":"SearchAction","target":{"@type":"EntryPoint","urlTemplate":"https:\/\/luxurels.com\/?s={search_term_string}"},"query-input":{"@type":"PropertyValueSpecification","valueRequired":true,"valueName":"search_term_string"}}],"inLanguage":"pt-BR"},{"@type":"Organization","@id":"https:\/\/luxurels.com\/#organization","name":"Aplicativo de namoro LuxuRels","url":"https:\/\/luxurels.com\/","logo":{"@type":"ImageObject","inLanguage":"pt-BR","@id":"https:\/\/luxurels.com\/#\/schema\/logo\/image\/","url":"https:\/\/luxurels.com\/wp-content\/uploads\/2025\/05\/cropped-luxurels3.png","contentUrl":"https:\/\/luxurels.com\/wp-content\/uploads\/2025\/05\/cropped-luxurels3.png","width":512,"height":512,"caption":"LuxuRels Dating App"},"image":{"@id":"https:\/\/luxurels.com\/#\/schema\/logo\/image\/"}}]}},"_links":{"self":[{"href":"https:\/\/luxurels.com\/pt\/wp-json\/wp\/v2\/pages\/3","targetHints":{"allow":["GET"]}}],"collection":[{"href":"https:\/\/luxurels.com\/pt\/wp-json\/wp\/v2\/pages"}],"about":[{"href":"https:\/\/luxurels.com\/pt\/wp-json\/wp\/v2\/types\/page"}],"author":[{"embeddable":true,"href":"https:\/\/luxurels.com\/pt\/wp-json\/wp\/v2\/users\/1"}],"replies":[{"embeddable":true,"href":"https:\/\/luxurels.com\/pt\/wp-json\/wp\/v2\/comments?post=3"}],"version-history":[{"count":1,"href":"https:\/\/luxurels.com\/pt\/wp-json\/wp\/v2\/pages\/3\/revisions"}],"predecessor-version":[{"id":1357,"href":"https:\/\/luxurels.com\/pt\/wp-json\/wp\/v2\/pages\/3\/revisions\/1357"}],"wp:attachment":[{"href":"https:\/\/luxurels.com\/pt\/wp-json\/wp\/v2\/media?parent=3"}],"curies":[{"name":"wp","href":"https:\/\/api.w.org\/{rel}","templated":true}]}}